{"id":619,"date":"2024-10-23T09:05:57","date_gmt":"2024-10-23T09:05:57","guid":{"rendered":"https:\/\/preprod.transport-prestige.com\/transfert-vers-la-station-des-menuires\/"},"modified":"2024-10-30T09:55:20","modified_gmt":"2024-10-30T09:55:20","slug":"transfer-to-les-menuires-ski-resort","status":"publish","type":"page","link":"https:\/\/www.transport-prestige.com\/en\/transfer-to-les-menuires-ski-resort\/","title":{"rendered":"Transfer to Les Menuires ski resort"},"content":{"rendered":"<div class=\"fusion-fullwidth fullwidth-box fusion-builder-row-1 fusion-flex-container has-pattern-background has-mask-background nonhundred-percent-fullwidth non-hundred-percent-height-scrolling\" style=\"--awb-border-radius-top-left:0px;--awb-border-radius-top-right:0px;--awb-border-radius-bottom-right:0px;--awb-border-radius-bottom-left:0px;--awb-flex-wrap:wrap;\" ><div class=\"fusion-builder-row fusion-row fusion-flex-align-items-stretch fusion-flex-content-wrap\" style=\"max-width:104%;margin-left: calc(-4% \/ 2 );margin-right: calc(-4% \/ 2 );\"><div class=\"fusion-layout-column fusion_builder_column fusion-builder-column-0 fusion_builder_column_1_1 1_1 fusion-flex-column\" style=\"--awb-bg-size:cover;--awb-width-large:100%;--awb-margin-top-large:0px;--awb-spacing-right-large:1.92%;--awb-margin-bottom-large:20px;--awb-spacing-left-large:1.92%;--awb-width-medium:100%;--awb-order-medium:0;--awb-spacing-right-medium:1.92%;--awb-spacing-left-medium:1.92%;--awb-width-small:100%;--awb-order-small:0;--awb-spacing-right-small:1.92%;--awb-spacing-left-small:1.92%;\"><div class=\"fusion-column-wrapper fusion-column-has-shadow fusion-flex-justify-content-flex-start fusion-content-layout-column\"><div class=\"fusion-title title fusion-title-1 fusion-title-center fusion-title-text fusion-title-size-one\"><div class=\"title-sep-container title-sep-container-left\"><div class=\"title-sep sep- sep-solid\" style=\"border-color:hsla(var(--awb-color3-h),calc( var(--awb-color3-s) + 3% ),var(--awb-color3-l),var(--awb-color3-a));\"><\/div><\/div><span class=\"awb-title-spacer\"><\/span><h1 class=\"fusion-title-heading title-heading-center fusion-responsive-typography-calculated\" style=\"margin:0;--fontSize:36;line-height:1.2;\">Travel between stations, airports and Les Menuires ski resort<\/h1><span class=\"awb-title-spacer\"><\/span><div class=\"title-sep-container title-sep-container-right\"><div class=\"title-sep sep- sep-solid\" style=\"border-color:hsla(var(--awb-color3-h),calc( var(--awb-color3-s) + 3% ),var(--awb-color3-l),var(--awb-color3-a));\"><\/div><\/div><\/div><\/div><\/div><div class=\"fusion-layout-column fusion_builder_column fusion-builder-column-1 fusion_builder_column_2_3 2_3 fusion-flex-column\" style=\"--awb-bg-size:cover;--awb-width-large:66.666666666667%;--awb-margin-top-large:0px;--awb-spacing-right-large:2.88%;--awb-margin-bottom-large:0px;--awb-spacing-left-large:2.88%;--awb-width-medium:100%;--awb-order-medium:0;--awb-spacing-right-medium:1.92%;--awb-spacing-left-medium:1.92%;--awb-width-small:100%;--awb-order-small:0;--awb-spacing-right-small:1.92%;--awb-spacing-left-small:1.92%;\" data-scroll-devices=\"small-visibility,medium-visibility,large-visibility\"><div class=\"fusion-column-wrapper fusion-column-has-shadow fusion-flex-justify-content-center fusion-content-layout-column\"><div class=\"fusion-text fusion-text-1\"><p>Your travel must be made at any time between Les Menuires and your airport or train station and vice versa. Transport Prestige VTC ensures your travel, taking care to guarantee you an optimal level of service and comfort.<br \/>\nYou will find all our standard services, but we can also take you where you want and in complete discretion.<\/p>\n<p>Here are our main services:<\/p>\n<ul>\n<li>Airports: Geneva, Lyon, Grenoble, Milan, Zurich&#8230;<\/li>\n<li>SNCF stations: Mo\u00fbtiers, Albertville, Chamb\u00e9ry, Lyon, Annecy, Aix-les-Bains, Grenoble, CFF Switzerland&#8230;<\/li>\n<li>Resorts: Les Menuires, Val Thorens, Saint-Martin de Belleville, M\u00e9ribel, Courchevel, Les Allues, Val d\u2019Is\u00e8re, Meg\u00e8ve, Orelle&#8230;<\/li>\n<li>Other destinations: Nice, Paris, Canne, Zermatt, Gstaad, Saint-Tropez, Milan&#8230;<\/li>\n<\/ul>\n<\/div><div style=\"text-align:center;\"><a class=\"fusion-button button-flat button-xlarge button-default fusion-button-default button-1 fusion-button-default-span fusion-button-default-type\" style=\"--button_margin-top:20px;--button_margin-bottom:20px;\" target=\"_self\" href=\"https:\/\/www.transport-prestige.com\/en\/#book\"><i class=\"fa-calendar-check fas button-icon-left\" aria-hidden=\"true\"><\/i><span class=\"fusion-button-text\">Book your transfer<\/span><\/a><\/div><\/div><\/div><div class=\"fusion-layout-column fusion_builder_column fusion-builder-column-2 fusion_builder_column_1_3 1_3 fusion-flex-column\" style=\"--awb-bg-size:cover;--awb-width-large:33.333333333333%;--awb-margin-top-large:0px;--awb-spacing-right-large:5.76%;--awb-margin-bottom-large:0px;--awb-spacing-left-large:5.76%;--awb-width-medium:100%;--awb-order-medium:0;--awb-spacing-right-medium:1.92%;--awb-spacing-left-medium:1.92%;--awb-width-small:100%;--awb-order-small:0;--awb-spacing-right-small:1.92%;--awb-spacing-left-small:1.92%;\" data-scroll-devices=\"small-visibility,medium-visibility,large-visibility\"><div class=\"fusion-column-wrapper fusion-column-has-shadow fusion-flex-justify-content-center fusion-content-layout-column\"><div class=\"fusion-image-carousel fusion-image-carousel-auto fusion-image-carousel-1 fusion-carousel-border\" style=\"margin-bottom:0px;\"><div class=\"awb-carousel awb-swiper awb-swiper-carousel\" data-autoplay=\"yes\" data-columns=\"1\" data-itemmargin=\"13\" data-itemwidth=\"180\" data-touchscroll=\"no\" data-imagesize=\"auto\" style=\"--awb-columns:1;\"><div class=\"swiper-wrapper awb-image-carousel-wrapper fusion-flex-align-items-center\"><div class=\"swiper-slide\"><div class=\"fusion-carousel-item-wrapper\"><div class=\"fusion-image-wrapper hover-type-none\"><img decoding=\"async\" width=\"1064\" height=\"1064\" src=\"https:\/\/www.transport-prestige.com\/wp-content\/uploads\/2024\/10\/mercedes-class-v.jpg\" class=\"attachment-full size-full lazyload\" alt=\"\" srcset=\"data:image\/svg+xml,%3Csvg%20xmlns%3D%27http%3A%2F%2Fwww.w3.org%2F2000%2Fsvg%27%20width%3D%271064%27%20height%3D%271064%27%20viewBox%3D%270%200%201064%201064%27%3E%3Crect%20width%3D%271064%27%20height%3D%271064%27%20fill-opacity%3D%220%22%2F%3E%3C%2Fsvg%3E\" data-orig-src=\"https:\/\/www.transport-prestige.com\/wp-content\/uploads\/2024\/10\/mercedes-class-v.jpg\" data-srcset=\"https:\/\/www.transport-prestige.com\/wp-content\/uploads\/2024\/10\/mercedes-class-v-66x66.jpg 66w, https:\/\/www.transport-prestige.com\/wp-content\/uploads\/2024\/10\/mercedes-class-v-150x150.jpg 150w, https:\/\/www.transport-prestige.com\/wp-content\/uploads\/2024\/10\/mercedes-class-v-200x200.jpg 200w, https:\/\/www.transport-prestige.com\/wp-content\/uploads\/2024\/10\/mercedes-class-v-300x300.jpg 300w, https:\/\/www.transport-prestige.com\/wp-content\/uploads\/2024\/10\/mercedes-class-v-320x320.jpg 320w, https:\/\/www.transport-prestige.com\/wp-content\/uploads\/2024\/10\/mercedes-class-v-400x400.jpg 400w, https:\/\/www.transport-prestige.com\/wp-content\/uploads\/2024\/10\/mercedes-class-v-600x600.jpg 600w, https:\/\/www.transport-prestige.com\/wp-content\/uploads\/2024\/10\/mercedes-class-v-669x669.jpg 669w, https:\/\/www.transport-prestige.com\/wp-content\/uploads\/2024\/10\/mercedes-class-v-700x700.jpg 700w, https:\/\/www.transport-prestige.com\/wp-content\/uploads\/2024\/10\/mercedes-class-v-768x768.jpg 768w, https:\/\/www.transport-prestige.com\/wp-content\/uploads\/2024\/10\/mercedes-class-v-800x800.jpg 800w, https:\/\/www.transport-prestige.com\/wp-content\/uploads\/2024\/10\/mercedes-class-v-1024x1024.jpg 1024w, https:\/\/www.transport-prestige.com\/wp-content\/uploads\/2024\/10\/mercedes-class-v.jpg 1064w\" data-sizes=\"auto\" \/><\/div><\/div><\/div><div class=\"swiper-slide\"><div class=\"fusion-carousel-item-wrapper\"><div class=\"fusion-image-wrapper hover-type-none\"><img decoding=\"async\" width=\"800\" height=\"800\" src=\"https:\/\/www.transport-prestige.com\/wp-content\/uploads\/2024\/10\/les-menuires-01.jpg\" class=\"attachment-full size-full lazyload\" alt=\"\" srcset=\"data:image\/svg+xml,%3Csvg%20xmlns%3D%27http%3A%2F%2Fwww.w3.org%2F2000%2Fsvg%27%20width%3D%27800%27%20height%3D%27800%27%20viewBox%3D%270%200%20800%20800%27%3E%3Crect%20width%3D%27800%27%20height%3D%27800%27%20fill-opacity%3D%220%22%2F%3E%3C%2Fsvg%3E\" data-orig-src=\"https:\/\/www.transport-prestige.com\/wp-content\/uploads\/2024\/10\/les-menuires-01.jpg\" data-srcset=\"https:\/\/www.transport-prestige.com\/wp-content\/uploads\/2024\/10\/les-menuires-01-66x66.jpg 66w, https:\/\/www.transport-prestige.com\/wp-content\/uploads\/2024\/10\/les-menuires-01-150x150.jpg 150w, https:\/\/www.transport-prestige.com\/wp-content\/uploads\/2024\/10\/les-menuires-01-200x200.jpg 200w, https:\/\/www.transport-prestige.com\/wp-content\/uploads\/2024\/10\/les-menuires-01-300x300.jpg 300w, https:\/\/www.transport-prestige.com\/wp-content\/uploads\/2024\/10\/les-menuires-01-320x320.jpg 320w, https:\/\/www.transport-prestige.com\/wp-content\/uploads\/2024\/10\/les-menuires-01-400x400.jpg 400w, https:\/\/www.transport-prestige.com\/wp-content\/uploads\/2024\/10\/les-menuires-01-600x600.jpg 600w, https:\/\/www.transport-prestige.com\/wp-content\/uploads\/2024\/10\/les-menuires-01-669x669.jpg 669w, https:\/\/www.transport-prestige.com\/wp-content\/uploads\/2024\/10\/les-menuires-01-700x700.jpg 700w, https:\/\/www.transport-prestige.com\/wp-content\/uploads\/2024\/10\/les-menuires-01-768x768.jpg 768w, https:\/\/www.transport-prestige.com\/wp-content\/uploads\/2024\/10\/les-menuires-01.jpg 800w\" data-sizes=\"auto\" \/><\/div><\/div><\/div><\/div><\/div><\/div><\/div><\/div><\/div><\/div>\n","protected":false},"excerpt":{"rendered":"","protected":false},"author":1,"featured_media":0,"parent":0,"menu_order":0,"comment_status":"closed","ping_status":"open","template":"","meta":{"footnotes":""},"class_list":["post-619","page","type-page","status-publish","hentry"],"yoast_head":"<!-- This site is optimized with the Yoast SEO plugin v25.0 - https:\/\/yoast.com\/wordpress\/plugins\/seo\/ -->\n<title>VTC | Transport A\u00e9roport Gen\u00e8ve\/Lyon -&gt; Les Menuires<\/title>\n<meta name=\"description\" content=\"Alternative au taxi pour vos d\u00e9placements entre la station de ski des M\u00e9nuires vers les a\u00e9roports et gares de Gen\u00e8ve, Lyon, Grenoble, etc.\" \/>\n<meta name=\"robots\" content=\"index, follow, max-snippet:-1, max-image-preview:large, max-video-preview:-1\" \/>\n<link rel=\"canonical\" href=\"https:\/\/www.transport-prestige.com\/en\/transfer-to-les-menuires-ski-resort\/\" \/>\n<meta property=\"og:locale\" content=\"en_US\" \/>\n<meta property=\"og:type\" content=\"article\" \/>\n<meta property=\"og:title\" content=\"VTC | Transport A\u00e9roport Gen\u00e8ve\/Lyon -&gt; Les Menuires\" \/>\n<meta property=\"og:description\" content=\"Alternative au taxi pour vos d\u00e9placements entre la station de ski des M\u00e9nuires vers les a\u00e9roports et gares de Gen\u00e8ve, Lyon, Grenoble, etc.\" \/>\n<meta property=\"og:url\" content=\"https:\/\/www.transport-prestige.com\/en\/transfer-to-les-menuires-ski-resort\/\" \/>\n<meta property=\"og:site_name\" content=\"Transport Prestige\" \/>\n<meta property=\"article:modified_time\" content=\"2024-10-30T09:55:20+00:00\" \/>\n<meta name=\"twitter:card\" content=\"summary_large_image\" \/>\n<meta name=\"twitter:label1\" content=\"Est. reading time\" \/>\n\t<meta name=\"twitter:data1\" content=\"1 minute\" \/>\n<script type=\"application\/ld+json\" class=\"yoast-schema-graph\">{\"@context\":\"https:\/\/schema.org\",\"@graph\":[{\"@type\":\"WebPage\",\"@id\":\"https:\/\/www.transport-prestige.com\/en\/transfer-to-les-menuires-ski-resort\/\",\"url\":\"https:\/\/www.transport-prestige.com\/en\/transfer-to-les-menuires-ski-resort\/\",\"name\":\"VTC | Transport A\u00e9roport Gen\u00e8ve\/Lyon -> Les Menuires\",\"isPartOf\":{\"@id\":\"https:\/\/www.transport-prestige.com\/en\/#website\"},\"datePublished\":\"2024-10-23T09:05:57+00:00\",\"dateModified\":\"2024-10-30T09:55:20+00:00\",\"description\":\"Alternative au taxi pour vos d\u00e9placements entre la station de ski des M\u00e9nuires vers les a\u00e9roports et gares de Gen\u00e8ve, Lyon, Grenoble, etc.\",\"breadcrumb\":{\"@id\":\"https:\/\/www.transport-prestige.com\/en\/transfer-to-les-menuires-ski-resort\/#breadcrumb\"},\"inLanguage\":\"en-US\",\"potentialAction\":[{\"@type\":\"ReadAction\",\"target\":[\"https:\/\/www.transport-prestige.com\/en\/transfer-to-les-menuires-ski-resort\/\"]}]},{\"@type\":\"BreadcrumbList\",\"@id\":\"https:\/\/www.transport-prestige.com\/en\/transfer-to-les-menuires-ski-resort\/#breadcrumb\",\"itemListElement\":[{\"@type\":\"ListItem\",\"position\":1,\"name\":\"Accueil\",\"item\":\"https:\/\/www.transport-prestige.com\/en\/\"},{\"@type\":\"ListItem\",\"position\":2,\"name\":\"Transfer to Les Menuires ski resort\"}]},{\"@type\":\"WebSite\",\"@id\":\"https:\/\/www.transport-prestige.com\/en\/#website\",\"url\":\"https:\/\/www.transport-prestige.com\/en\/\",\"name\":\"Transport Prestige\",\"description\":\"\",\"publisher\":{\"@id\":\"https:\/\/www.transport-prestige.com\/en\/#organization\"},\"potentialAction\":[{\"@type\":\"SearchAction\",\"target\":{\"@type\":\"EntryPoint\",\"urlTemplate\":\"https:\/\/www.transport-prestige.com\/en\/?s={search_term_string}\"},\"query-input\":{\"@type\":\"PropertyValueSpecification\",\"valueRequired\":true,\"valueName\":\"search_term_string\"}}],\"inLanguage\":\"en-US\"},{\"@type\":\"Organization\",\"@id\":\"https:\/\/www.transport-prestige.com\/en\/#organization\",\"name\":\"Transport Prestige\",\"url\":\"https:\/\/www.transport-prestige.com\/en\/\",\"logo\":{\"@type\":\"ImageObject\",\"inLanguage\":\"en-US\",\"@id\":\"https:\/\/www.transport-prestige.com\/en\/#\/schema\/logo\/image\/\",\"url\":\"https:\/\/www.transport-prestige.com\/wp-content\/uploads\/2024\/07\/logo-transport-prestige-web.png\",\"contentUrl\":\"https:\/\/www.transport-prestige.com\/wp-content\/uploads\/2024\/07\/logo-transport-prestige-web.png\",\"width\":229,\"height\":199,\"caption\":\"Transport Prestige\"},\"image\":{\"@id\":\"https:\/\/www.transport-prestige.com\/en\/#\/schema\/logo\/image\/\"}}]}<\/script>\n<!-- \/ Yoast SEO plugin. -->","yoast_head_json":{"title":"VTC | Transport A\u00e9roport Gen\u00e8ve\/Lyon -> Les Menuires","description":"Alternative au taxi pour vos d\u00e9placements entre la station de ski des M\u00e9nuires vers les a\u00e9roports et gares de Gen\u00e8ve, Lyon, Grenoble, etc.","robots":{"index":"index","follow":"follow","max-snippet":"max-snippet:-1","max-image-preview":"max-image-preview:large","max-video-preview":"max-video-preview:-1"},"canonical":"https:\/\/www.transport-prestige.com\/en\/transfer-to-les-menuires-ski-resort\/","og_locale":"en_US","og_type":"article","og_title":"VTC | Transport A\u00e9roport Gen\u00e8ve\/Lyon -> Les Menuires","og_description":"Alternative au taxi pour vos d\u00e9placements entre la station de ski des M\u00e9nuires vers les a\u00e9roports et gares de Gen\u00e8ve, Lyon, Grenoble, etc.","og_url":"https:\/\/www.transport-prestige.com\/en\/transfer-to-les-menuires-ski-resort\/","og_site_name":"Transport Prestige","article_modified_time":"2024-10-30T09:55:20+00:00","twitter_card":"summary_large_image","twitter_misc":{"Est. reading time":"1 minute"},"schema":{"@context":"https:\/\/schema.org","@graph":[{"@type":"WebPage","@id":"https:\/\/www.transport-prestige.com\/en\/transfer-to-les-menuires-ski-resort\/","url":"https:\/\/www.transport-prestige.com\/en\/transfer-to-les-menuires-ski-resort\/","name":"VTC | Transport A\u00e9roport Gen\u00e8ve\/Lyon -> Les Menuires","isPartOf":{"@id":"https:\/\/www.transport-prestige.com\/en\/#website"},"datePublished":"2024-10-23T09:05:57+00:00","dateModified":"2024-10-30T09:55:20+00:00","description":"Alternative au taxi pour vos d\u00e9placements entre la station de ski des M\u00e9nuires vers les a\u00e9roports et gares de Gen\u00e8ve, Lyon, Grenoble, etc.","breadcrumb":{"@id":"https:\/\/www.transport-prestige.com\/en\/transfer-to-les-menuires-ski-resort\/#breadcrumb"},"inLanguage":"en-US","potentialAction":[{"@type":"ReadAction","target":["https:\/\/www.transport-prestige.com\/en\/transfer-to-les-menuires-ski-resort\/"]}]},{"@type":"BreadcrumbList","@id":"https:\/\/www.transport-prestige.com\/en\/transfer-to-les-menuires-ski-resort\/#breadcrumb","itemListElement":[{"@type":"ListItem","position":1,"name":"Accueil","item":"https:\/\/www.transport-prestige.com\/en\/"},{"@type":"ListItem","position":2,"name":"Transfer to Les Menuires ski resort"}]},{"@type":"WebSite","@id":"https:\/\/www.transport-prestige.com\/en\/#website","url":"https:\/\/www.transport-prestige.com\/en\/","name":"Transport Prestige","description":"","publisher":{"@id":"https:\/\/www.transport-prestige.com\/en\/#organization"},"potentialAction":[{"@type":"SearchAction","target":{"@type":"EntryPoint","urlTemplate":"https:\/\/www.transport-prestige.com\/en\/?s={search_term_string}"},"query-input":{"@type":"PropertyValueSpecification","valueRequired":true,"valueName":"search_term_string"}}],"inLanguage":"en-US"},{"@type":"Organization","@id":"https:\/\/www.transport-prestige.com\/en\/#organization","name":"Transport Prestige","url":"https:\/\/www.transport-prestige.com\/en\/","logo":{"@type":"ImageObject","inLanguage":"en-US","@id":"https:\/\/www.transport-prestige.com\/en\/#\/schema\/logo\/image\/","url":"https:\/\/www.transport-prestige.com\/wp-content\/uploads\/2024\/07\/logo-transport-prestige-web.png","contentUrl":"https:\/\/www.transport-prestige.com\/wp-content\/uploads\/2024\/07\/logo-transport-prestige-web.png","width":229,"height":199,"caption":"Transport Prestige"},"image":{"@id":"https:\/\/www.transport-prestige.com\/en\/#\/schema\/logo\/image\/"}}]}},"_links":{"self":[{"href":"https:\/\/www.transport-prestige.com\/en\/wp-json\/wp\/v2\/pages\/619","targetHints":{"allow":["GET"]}}],"collection":[{"href":"https:\/\/www.transport-prestige.com\/en\/wp-json\/wp\/v2\/pages"}],"about":[{"href":"https:\/\/www.transport-prestige.com\/en\/wp-json\/wp\/v2\/types\/page"}],"author":[{"embeddable":true,"href":"https:\/\/www.transport-prestige.com\/en\/wp-json\/wp\/v2\/users\/1"}],"replies":[{"embeddable":true,"href":"https:\/\/www.transport-prestige.com\/en\/wp-json\/wp\/v2\/comments?post=619"}],"version-history":[{"count":4,"href":"https:\/\/www.transport-prestige.com\/en\/wp-json\/wp\/v2\/pages\/619\/revisions"}],"predecessor-version":[{"id":684,"href":"https:\/\/www.transport-prestige.com\/en\/wp-json\/wp\/v2\/pages\/619\/revisions\/684"}],"wp:attachment":[{"href":"https:\/\/www.transport-prestige.com\/en\/wp-json\/wp\/v2\/media?parent=619"}],"curies":[{"name":"wp","href":"https:\/\/api.w.org\/{rel}","templated":true}]}}